{"id":3820,"date":"2020-02-03T11:49:32","date_gmt":"2020-02-03T14:49:32","guid":{"rendered":"http:\/\/mutualodontologica.com\/web\/?page_id=3820"},"modified":"2020-02-03T11:49:32","modified_gmt":"2020-02-03T14:49:32","slug":"listado-de-prestadores-radiologia-imagenes","status":"publish","type":"page","link":"https:\/\/mutualodontologica.com\/web\/listado-de-prestadores-radiologia-imagenes\/","title":{"rendered":"Listado de Prestadores Radiolog\u00eda \/ Im\u00e1genes"},"content":{"rendered":"<p>[vc_row][vc_column]<div class=\"tm-element-heading-wrapper tm-heading-inner tm-element-align-left tm-seperator-solid tm-heading-style-horizontal \"><section class=\"tm-vc_cta3-container\"><div class=\"tm-vc_general tm-vc_cta3 tm-cta3-only tm-vc_cta3-style-classic tm-vc_cta3-shape-rounded tm-vc_cta3-align-left tm-vc_cta3-color-transparent tm-vc_cta3-icon-size-md tm-vc_cta3-actions-no tm-cta3-with-desc\"><div class=\"tm-vc_cta3_content-container\"><div class=\"tm-vc_cta3-content\"><header class=\"tm-vc_cta3-content-header tm-wrap\"><div class=\"tm-vc_cta3-headers tm-wrap-cell\"><h2 class=\"tm-custom-heading \" >Cartilla de Prestadores Im\u00e1genes<\/h2>\n<\/div><div class=\"heading-seperator\"><span><\/span><\/div><\/header><div class=\"tm-cta3-content-wrapper\"><p>La Asociaci\u00f3n Mutual de Especialidades Odontol\u00f3gicas de Rosario quiere llegar hasta usted ofreciendo su cartilla profesional actualizada, para que la atenci\u00f3n de su salud bucal sea personalizada, especializada y m\u00e1s simple desde el punto de vista administrativo.<\/p><\/div><\/div><\/div><\/div><\/section><\/div> <!-- .tm-element-heading-wrapper container --> [vc_column_text]\n<table id=\"tablepress-3\" class=\"tablepress tablepress-id-3\">\n<thead>\n<tr class=\"row-1 odd\">\n\t<th class=\"column-1\">Prestadores<\/th><th class=\"column-2\">Especialidad<\/th><th class=\"column-3\">Direcci\u00f3n<\/th><th class=\"column-4\">Localidad<\/th><th class=\"column-5\">Tel\u00e9fono<\/th>\n<\/tr>\n<\/thead>\n<tbody class=\"row-hover\">\n<tr class=\"row-2 even\">\n\t<td class=\"column-1\">CIOR Im\u00e1genes<\/td><td class=\"column-2\">RADIOLOG\u00cdA ODONTOL\u00d3GICA<\/td><td class=\"column-3\">Balcarce 1001\t<\/td><td class=\"column-4\">Rosario<\/td><td class=\"column-5\">0341 4258501\t<\/td>\n<\/tr>\n<tr class=\"row-3 odd\">\n\t<td class=\"column-1\">DENTIA<\/td><td class=\"column-2\">RADIOLOG\u00cdA ODONTOL\u00d3GICA<\/td><td class=\"column-3\">Italia 1225<\/td><td class=\"column-4\">Rosario<\/td><td class=\"column-5\">3413-020108<\/td>\n<\/tr>\n<tr class=\"row-4 even\">\n\t<td class=\"column-1\">IMAGO Im\u00e1genes Odontologicas<br \/>\n<\/td><td class=\"column-2\">RADIOLOG\u00cdA ODONTOL\u00d3GICA<\/td><td class=\"column-3\">Santiago 719<\/td><td class=\"column-4\">Rosario<\/td><td class=\"column-5\"> 0341 421-3768 \u00b7 421-3496<\/td>\n<\/tr>\n<tr class=\"row-5 odd\">\n\t<td class=\"column-1\">Scanner Dental<\/td><td class=\"column-2\">RADIOLOG\u00cdA ODONTOL\u00d3GICA<\/td><td class=\"column-3\">San Lorenzo 1841 <\/td><td class=\"column-4\">Rosario<\/td><td class=\"column-5\">0341-4401404 - 4258607\/1026<\/td>\n<\/tr>\n<tr class=\"row-6 even\">\n\t<td class=\"column-1\">SBD im\u00e1genes odontol\u00f3gicas<\/td><td class=\"column-2\">RADIOLOG\u00cdA ODONTOL\u00d3GICA<\/td><td class=\"column-3\">3 de febrero 1744<\/td><td class=\"column-4\">Rosario<\/td><td class=\"column-5\">0341-5299705 - 4248006<\/td>\n<\/tr>\n<\/tbody>\n<\/table>\n<!-- #tablepress-3 from cache -->[\/vc_column_text]<div class=\"tm-sbox tm-sbox-iconalign-left-spacing none tm-sbox-bgcolor-grey tm-bgcolor-grey tm-sbox-textcolor-darkgrey tm-textcolor-darkgrey tm-sbox-isize-xl tm-sbox-isize-xl tm-sbox-istyle-none vc_custom_1580740789369 tm-bgcolor-yes\"><section class=\"tm-vc_cta3-container\"><div class=\"tm-vc_general tm-vc_cta3 tm-vc_cta3-align-left tm-vc_cta3-icon-size-xl tm-vc_cta3-icons-left tm-vc_cta3-actions-no\"><div class=\"tm-vc_cta3-icons tm-wrap-cell\"><div class=\"tm-vc_icon_element tm-vc_icon_element-outer tm-vc_icon_element-align-left \"><div class=\"tm-vc_icon_element-inner  tm-vc_icon_element-color-skincolor tm-vc_icon_element-size-xl tm-vc_icon_element-style-none tm-vc_icon_element-background-color-grey\" ><span class=\"tm-vc_icon_element-icon themifyicon ti-id-badge\" ><\/span><\/div><\/div><\/div><div class=\"tm-vc_cta3_content-container\"><div class=\"tm-vc_cta3-content\"><div class=\"tm-vc_cta3-content-header tm-wrap\"><div class=\"tm-vc_cta3-headers tm-wrap-cell\"><\/div><\/div><\/div><div class=\"tm-cta3-desc-btn-wrapper\"><div class=\"tm-cta3-description\"><div class=\"tm-cta3-content-wrapper\"><p>Los Profesionales incluidos en los presentes listados no tienen convenio con la totalidad de las Obras Sociales \/ Prepagos. Consulte antes de solicitar turno.<\/p><\/div><\/div><\/div><\/div><\/div><\/section><\/div>[\/vc_column][\/vc_row]<\/p>\n","protected":false},"excerpt":{"rendered":"<p>[vc_row][vc_column][vc_column_text][\/vc_column_text][\/vc_column][\/vc_row]<\/p>\n","protected":false},"author":2,"featured_media":0,"parent":0,"menu_order":0,"comment_status":"closed","ping_status":"closed","template":"","meta":{"footnotes":""},"class_list":["post-3820","page","type-page","status-publish","hentry"],"_links":{"self":[{"href":"https:\/\/mutualodontologica.com\/web\/wp-json\/wp\/v2\/pages\/3820"}],"collection":[{"href":"https:\/\/mutualodontologica.com\/web\/wp-json\/wp\/v2\/pages"}],"about":[{"href":"https:\/\/mutualodontologica.com\/web\/wp-json\/wp\/v2\/types\/page"}],"author":[{"embeddable":true,"href":"https:\/\/mutualodontologica.com\/web\/wp-json\/wp\/v2\/users\/2"}],"replies":[{"embeddable":true,"href":"https:\/\/mutualodontologica.com\/web\/wp-json\/wp\/v2\/comments?post=3820"}],"version-history":[{"count":1,"href":"https:\/\/mutualodontologica.com\/web\/wp-json\/wp\/v2\/pages\/3820\/revisions"}],"predecessor-version":[{"id":3821,"href":"https:\/\/mutualodontologica.com\/web\/wp-json\/wp\/v2\/pages\/3820\/revisions\/3821"}],"wp:attachment":[{"href":"https:\/\/mutualodontologica.com\/web\/wp-json\/wp\/v2\/media?parent=3820"}],"curies":[{"name":"wp","href":"https:\/\/api.w.org\/{rel}","templated":true}]}}